{"id":4217,"date":"2017-02-10T00:43:10","date_gmt":"2017-02-10T00:43:10","guid":{"rendered":"http:\/\/gtspower.online\/?page_id=4217"},"modified":"2018-07-05T23:21:13","modified_gmt":"2018-07-05T23:21:13","slug":"quienes-somos","status":"publish","type":"page","link":"https:\/\/gtspower.com\/es\/quienes-somos\/","title":{"rendered":"\u00bfQui\u00e9nes somos?"},"content":{"rendered":"<p><div class=\"fusion-fullwidth fullwidth-box fusion-builder-row-1 nonhundred-percent-fullwidth non-hundred-percent-height-scrolling\" style=\"--awb-border-radius-top-left:0px;--awb-border-radius-top-right:0px;--awb-border-radius-bottom-right:0px;--awb-border-radius-bottom-left:0px;--awb-padding-top:20px;--awb-padding-bottom:20px;--awb-flex-wrap:wrap;\" ><div class=\"fusion-builder-row fusion-row\"><div class=\"fusion-layout-column fusion_builder_column fusion-builder-column-0 fusion_builder_column_1_1 1_1 fusion-one-full fusion-column-first fusion-column-last\" style=\"--awb-bg-size:cover;\"><div class=\"fusion-column-wrapper fusion-flex-column-wrapper-legacy\"><script type=\"text\/javascript\">jQuery(function() { _initLayerSlider( '#layerslider_20_8tqccdqy002', {sliderVersion: '6.7.6', type: 'fullwidth', allowFullscreen: true, pauseOnHover: 'enabled', skin: 'v6', sliderFadeInDuration: 350, globalBGImage: 'https:\/\/gtspower.com\/wp-content\/uploads\/2017\/02\/pattern10@2x.png', globalBGRepeat: 'repeat', navPrevNext: false, hoverPrevNext: false, navStartStop: false, navButtons: false, showCircleTimer: false, useSrcset: true, skinsPath: 'https:\/\/gtspower.com\/wp-content\/plugins\/LayerSlider\/assets\/static\/layerslider\/skins\/', performanceMode: true}); });<\/script><div id=\"layerslider_20_8tqccdqy002\"  class=\"ls-wp-container fitvidsignore ls-selectable\" style=\"width:1280px;height:300px;margin:0 auto;margin-bottom: 0px;\"><div class=\"ls-slide\" ><img decoding=\"async\" width=\"1200\" height=\"250\" src=\"https:\/\/gtspower.com\/wp-content\/uploads\/banners\/about-us-banner.png\" class=\"ls-l ls-img-layer\" alt=\"\" srcset=\"https:\/\/gtspower.com\/wp-content\/uploads\/banners\/about-us-banner-200x42.png 200w, https:\/\/gtspower.com\/wp-content\/uploads\/banners\/about-us-banner-300x63.png 300w, https:\/\/gtspower.com\/wp-content\/uploads\/banners\/about-us-banner-400x83.png 400w, https:\/\/gtspower.com\/wp-content\/uploads\/banners\/about-us-banner-600x125.png 600w, https:\/\/gtspower.com\/wp-content\/uploads\/banners\/about-us-banner-768x160.png 768w, https:\/\/gtspower.com\/wp-content\/uploads\/banners\/about-us-banner-800x167.png 800w, https:\/\/gtspower.com\/wp-content\/uploads\/banners\/about-us-banner-1024x213.png 1024w, https:\/\/gtspower.com\/wp-content\/uploads\/banners\/about-us-banner.png 1200w\" sizes=\"(max-width: 1200px) 100vw, 1200px\" style=\"top:0%;left:50%;text-align:initial;font-weight:400;font-style:normal;text-decoration:none;\" data-ls=\"showinfo:1;durationin:3500;position:relative;\"><p style=\"letter-spacing: 0.08em; -webkit-text-stroke-width: 2px; -webkit-text-stroke-color: white;top:50%;left:50%;text-align:initial;font-weight:800;font-style:normal;text-decoration:none;font-family:Tahoma;color:rgba(255, 255, 255, 0.75);padding-right:15px;padding-left:15px;font-size:112px;padding-top:15px;padding-bottom:15px;\" class=\"ls-l ls-text-layer\" data-ls=\"showinfo:1;durationin:1500;position:relative;\">\u00bfQui\u00e9nes somos?<\/p><\/div><\/div><div class=\"fusion-clearfix\"><\/div><\/div><\/div><\/div><\/div><div class=\"fusion-fullwidth fullwidth-box fusion-builder-row-2 nonhundred-percent-fullwidth non-hundred-percent-height-scrolling\" style=\"--awb-border-radius-top-left:0px;--awb-border-radius-top-right:0px;--awb-border-radius-bottom-right:0px;--awb-border-radius-bottom-left:0px;--awb-padding-top:20px;--awb-padding-bottom:20px;--awb-flex-wrap:wrap;\" ><div class=\"fusion-builder-row fusion-row\"><div class=\"fusion-layout-column fusion_builder_column fusion-builder-column-1 fusion_builder_column_1_1 1_1 fusion-one-full fusion-column-first fusion-column-last\" style=\"--awb-bg-size:cover;\"><div class=\"fusion-column-wrapper fusion-flex-column-wrapper-legacy\"><div class=\"fusion-title title fusion-title-1 fusion-title-text fusion-title-size-one\" style=\"--awb-margin-top-small:10px;--awb-margin-right-small:0px;--awb-margin-bottom-small:10px;--awb-margin-left-small:0px;\"><h1 class=\"fusion-title-heading title-heading-left fusion-responsive-typography-calculated\" style=\"margin:0;--fontSize:34;line-height:1.4;\">El Experto Confiable en Tecnolog\u00eda de Energ\u00eda para M\u00f3viles<\/h1><span class=\"awb-title-spacer\"><\/span><div class=\"title-sep-container\"><div class=\"title-sep sep-double sep-solid\" style=\"border-color:#e0dede;\"><\/div><\/div><\/div><div class=\"fusion-clearfix\"><\/div><\/div><\/div><div class=\"fusion-layout-column fusion_builder_column fusion-builder-column-2 fusion_builder_column_1_1 1_1 fusion-one-full fusion-column-first fusion-column-last\" style=\"--awb-padding-right:100px;--awb-padding-left:100px;--awb-bg-size:cover;\"><div class=\"fusion-column-wrapper fusion-flex-column-wrapper-legacy\"><div class=\"fusion-text fusion-text-1\"><h3>En Global Technology Systems (\u201cGTS\u201d), entendemos que tu inversi\u00f3n en tel\u00e9fonos celulares es productiva \u00fanicamente al grado en que lo son las bater\u00edas que los alimentan. En un mundo en el que m\u00e1s de 150 millones de profesionales dependen de dispositivos m\u00f3viles para cumplir con\u00a0<b class=\"b5\">tareas cr\u00ed<\/b><b class=\"b4\">ticas<\/b>, administrar la energ\u00eda es algo fundamental. Nuestra misi\u00f3n es ofrecerte tecnolog\u00edas de energ\u00eda para dispositivos m\u00f3viles cuya compatibilidad con dispositivos OEM (Fabricantes de Equipos Originales) est\u00e9 garantizada. Con la energ\u00eda correcta para tus dispositivos,\u00a0 puedes preocuparte menos por tus bater\u00edas y m\u00e1s por las tareas cr\u00edticas en que debes realizar.<\/h3>\n<p><img decoding=\"async\" class=\"aligncenter size-full wp-image-1591\" src=\"https:\/\/www.gtspower.com\/wp-content\/uploads\/images\/Combined-Images-Products.gif\" alt=\"\" width=\"800\" height=\"360\" \/><\/p>\n<p>GTS es el experto confiable sobre tecnolog\u00eda de energ\u00eda para m\u00f3viles. Hemos ganado esta reputaci\u00f3n por el dise\u00f1o y fabricaci\u00f3n de bater\u00edas y cargadores de alto rendimiento y de tecnolog\u00edas de administraci\u00f3n de energ\u00eda para dispositivos m\u00f3viles, tales como radios bidireccionales,\u00a0computadoras port\u00e1tiles,\u00a0lectores de c\u00f3digos de\u00a0barra e impresoras port\u00e1tiles. Debido a su\u00a0 extraordinario rendimiento y su calidad incomparable, las principales agencias gubernamentales, funcionarios de seguridad p\u00fablica y empresas de Fortune 500 en todo el planeta conf\u00edan en nuestras bater\u00edas. Nuestro equipo de ingenieros experimentados\u00a0est\u00e1 pensando en energ\u00eda para m\u00f3viles las 24 horas del d\u00eda, para que t\u00fa no tengas que hacerlo.<\/p>\n<p>En GTS, nuestra dedicaci\u00f3n y compromiso se extiende m\u00e1s all\u00e1 de nuestras instalaciones y hacia las comunidades a las que ofrecemos nuestros servicios. Estamos orgullosos de nuestra <a href=\"https:\/\/www.gtspower.com\/es\/?page_id=4233\">responsabilidad corporativa y esfuerzos de sostenibilidad ambiental<\/a>.<\/p>\n<p>Fundada en el 2000, GTS tiene sus oficinas centrales en Framingham, Massachusetts. GTS cuenta con centros de dise\u00f1o, fabricaci\u00f3n y distribuci\u00f3n en los Estados Unidos, Asia y Europa.<\/p>\n<\/div><div class=\"fusion-clearfix\"><\/div><\/div><\/div><\/div><\/div><\/p>\n","protected":false},"excerpt":{"rendered":"","protected":false},"author":1,"featured_media":0,"parent":0,"menu_order":0,"comment_status":"closed","ping_status":"closed","template":"","meta":{"footnotes":""},"class_list":["post-4217","page","type-page","status-publish","hentry"],"_links":{"self":[{"href":"https:\/\/gtspower.com\/es\/wp-json\/wp\/v2\/pages\/4217","targetHints":{"allow":["GET"]}}],"collection":[{"href":"https:\/\/gtspower.com\/es\/wp-json\/wp\/v2\/pages"}],"about":[{"href":"https:\/\/gtspower.com\/es\/wp-json\/wp\/v2\/types\/page"}],"author":[{"embeddable":true,"href":"https:\/\/gtspower.com\/es\/wp-json\/wp\/v2\/users\/1"}],"replies":[{"embeddable":true,"href":"https:\/\/gtspower.com\/es\/wp-json\/wp\/v2\/comments?post=4217"}],"version-history":[{"count":16,"href":"https:\/\/gtspower.com\/es\/wp-json\/wp\/v2\/pages\/4217\/revisions"}],"predecessor-version":[{"id":7914,"href":"https:\/\/gtspower.com\/es\/wp-json\/wp\/v2\/pages\/4217\/revisions\/7914"}],"wp:attachment":[{"href":"https:\/\/gtspower.com\/es\/wp-json\/wp\/v2\/media?parent=4217"}],"curies":[{"name":"wp","href":"https:\/\/api.w.org\/{rel}","templated":true}]}}